{"id":93,"date":"2014-01-24T04:03:50","date_gmt":"2014-01-24T02:03:50","guid":{"rendered":"http:\/\/www.xn--logopdie-wasserburg-kwb.de\/huber\/?page_id=93"},"modified":"2014-02-22T13:08:12","modified_gmt":"2014-02-22T11:08:12","slug":"logopaedie","status":"publish","type":"page","link":"http:\/\/www.xn--logopdie-wasserburg-kwb.de\/huber\/logopaedie\/","title":{"rendered":"Logop\u00e4die"},"content":{"rendered":"<div class=\"ezcol ezcol-one-half\">\n<h1>Was ist Logop\u00e4die?<\/h1>\n<p><img loading=\"lazy\" class=\"alignleft size-full wp-image-214\" alt=\"pustebacke\" src=\"http:\/\/www.xn--logopdie-wasserburg-kwb.de\/huber\/wp-content\/uploads\/2014\/01\/pustebacke.jpg\" width=\"260\" height=\"197\" \/>Die Logop\u00e4die besch\u00e4ftigt sich in Theorie und Praxis mit Pr\u00e4vention, Beratung, <b>Diagnostik, Therapie und Rehabilitation<\/b>, Lehre und Forschung auf den Gebieten der Stimme, <b>Stimmst\u00f6rungen<\/b> und Stimmtherapie, des Sprechens, <b>Sprechst\u00f6rung <\/b>und Sprechtherapie, der Sprache, <b>Sprachst\u00f6rung<\/b> und Sprachtherapie sowie des Schluckens, <b>Schluckst\u00f6rung<\/b> und Schlucktherapie.<\/p>\n<p>&nbsp;<\/p>\n<p>&nbsp;<\/p>\n<h1>Wem kann Logop\u00e4die helfen?<\/h1>\n<p>Menschen jeden Alters mit Sprach-, Sprech-, Stimm-, Schluck-, und H\u00f6rst\u00f6rungen.<\/p>\n<\/div>\n<div class=\"ezcol ezcol-one-half ezcol-last\">\n<h1>Wie bekomme ich eine logop\u00e4dische Behandlung?<\/h1>\n<p>Die logop\u00e4dische Behandlung \u00fcbernimmt Ihre Krankenkasse <b>nach \u00e4rztlicher Verordnung<\/b> von einem HNO-, Kinderarzt, Neurologen, Kieferorthop\u00e4den, praktischen-, internistischen-, sowie Allgemeinmediziner.<\/p>\n<p>&nbsp;<br \/>\n<b>Austellungsdatum<\/b> der Verordnung und Therapiebeginn d\u00fcrfen nur 14 Tage auseinander liegen.<\/p>\n<p>&nbsp;<br \/>\n<b>Zuzahlungspflicht<\/b> besteht ab dem 18. Lebensjahr (10% des Verordnungswertes).<\/p>\n<p>&nbsp;<\/p>\n<p><img loading=\"lazy\" class=\"alignleft size-full wp-image-209\" alt=\"schokomund\" src=\"http:\/\/www.xn--logopdie-wasserburg-kwb.de\/huber\/wp-content\/uploads\/2014\/01\/schokomund.jpg\" width=\"280\" height=\"221\" \/><br \/>\n<\/div><div class=\"ezcol-divider\"><\/div>\n","protected":false},"excerpt":{"rendered":"","protected":false},"author":1,"featured_media":0,"parent":0,"menu_order":0,"comment_status":"closed","ping_status":"closed","template":"sidebar-page.php","meta":[],"_links":{"self":[{"href":"http:\/\/www.xn--logopdie-wasserburg-kwb.de\/huber\/wp-json\/wp\/v2\/pages\/93"}],"collection":[{"href":"http:\/\/www.xn--logopdie-wasserburg-kwb.de\/huber\/wp-json\/wp\/v2\/pages"}],"about":[{"href":"http:\/\/www.xn--logopdie-wasserburg-kwb.de\/huber\/wp-json\/wp\/v2\/types\/page"}],"author":[{"embeddable":true,"href":"http:\/\/www.xn--logopdie-wasserburg-kwb.de\/huber\/wp-json\/wp\/v2\/users\/1"}],"replies":[{"embeddable":true,"href":"http:\/\/www.xn--logopdie-wasserburg-kwb.de\/huber\/wp-json\/wp\/v2\/comments?post=93"}],"version-history":[{"count":24,"href":"http:\/\/www.xn--logopdie-wasserburg-kwb.de\/huber\/wp-json\/wp\/v2\/pages\/93\/revisions"}],"predecessor-version":[{"id":417,"href":"http:\/\/www.xn--logopdie-wasserburg-kwb.de\/huber\/wp-json\/wp\/v2\/pages\/93\/revisions\/417"}],"wp:attachment":[{"href":"http:\/\/www.xn--logopdie-wasserburg-kwb.de\/huber\/wp-json\/wp\/v2\/media?parent=93"}],"curies":[{"name":"wp","href":"https:\/\/api.w.org\/{rel}","templated":true}]}}