{"id":613,"date":"2018-05-22T22:11:48","date_gmt":"2018-05-22T20:11:48","guid":{"rendered":"http:\/\/www.xn--logopdie-wasserburg-kwb.de\/huber\/?page_id=613"},"modified":"2018-05-22T22:40:55","modified_gmt":"2018-05-22T20:40:55","slug":"datenschutz","status":"publish","type":"page","link":"http:\/\/www.xn--logopdie-wasserburg-kwb.de\/huber\/kontakt\/datenschutz\/","title":{"rendered":"Datenschutz"},"content":{"rendered":"<h1>Datenschutzerkl\u00e4rung<\/h1>\n<h2>1. Einleitung<\/h2>\n<p>Wir freuen uns sehr \u00fcber Ihr Interesse an unserer Seite. Datenschutz hat einen besonders hohen Stellenwert f\u00fcr uns. Eine Nutzung unserer Internetseiten ist grunds\u00e4tzlich ohne jede Angabe personenbezogener Daten m\u00f6glich. Sofern eine betroffene Person besondere Dienste \u00fcber unsere Internetseite in Anspruch nehmen m\u00f6chte, k\u00f6nnte jedoch eine Verarbeitung personenbezogener Daten erforderlich werden. Ist die Verarbeitung personenbezogener Daten erforderlich und besteht f\u00fcr eine solche Verarbeitung keine gesetzliche Grundlage, holen wir generell eine Einwilligung der betroffenen Person ein.<br \/>\n&nbsp;<br \/>\nDie Verarbeitung personenbezogener Daten, beispielsweise des Namens, der Anschrift, E-Mail-Adresse oder Telefonnummer einer betroffenen Person, erfolgt stets im Einklang mit der Datenschutz-Grundverordnung und in \u00dcbereinstimmung mit den f\u00fcr uns geltenden landesspezifischen Datenschutzbestimmungen. Mittels dieser Datenschutzerkl\u00e4rung m\u00f6chten wir die \u00d6ffentlichkeit \u00fcber Art, Umfang und Zweck der von uns erhobenen, genutzten und verarbeiteten personenbezogenen Daten informieren. Ferner werden betroffene Personen mittels dieser Datenschutzerkl\u00e4rung \u00fcber die ihnen zustehenden Rechte aufgekl\u00e4rt.<br \/>\n&nbsp;<br \/>\nWir haben als f\u00fcr die Verarbeitung Verantwortliche Stelle zahlreiche technische und organisatorische Ma\u00dfnahmen umgesetzt, um einen m\u00f6glichst l\u00fcckenlosen Schutz der \u00fcber diese Internetseite verarbeiteten personenbezogenen Daten sicherzustellen. Dennoch k\u00f6nnen Internet-basierte Daten\u00fcbertragungen grunds\u00e4tzlich Sicherheitsl\u00fccken aufweisen, sodass ein absoluter Schutz nicht gew\u00e4hrleistet werden kann. Aus diesem Grund steht es jeder betroffenen Person frei, personenbezogene Daten auch auf alternativen Wegen, beispielsweise telefonisch oder per Post, an uns zu \u00fcbermitteln.<\/p>\n<p>&nbsp;<\/p>\n<h2>2.   Name und Anschrift des f\u00fcr die Verarbeitung Verantwortlichen gem\u00e4\u00df Art. 13 Abs. 1 lit. a DSGVO<\/h2>\n<p>Verantwortlicher im Sinne der Datenschutz-Grundverordnung, sonstiger in den Mitgliedstaaten der Europ\u00e4ischen Union geltenden Datenschutzgesetze und anderer Bestimmungen mit datenschutzrechtlichem Charakter ist<br \/>\n&nbsp;<br \/>\nCornelia Huber<br \/>\nL\u00e4rchenweg 3<br \/>\n83549 Eiselfing-Bachmehring<br \/>\n&nbsp;<br \/>\nTel.: + 80 71 &#8211; 10 48 81<br \/>\nFax: + 80 71 &#8211; 10 48 81<br \/>\n&nbsp;<br \/>\nE-Mail: <a href=\"mailto:cornelia.huber.logo@t-online.de\">cornelia.huber.logo@t-online.de<\/a><br \/>\nWebsite: <a href=\"www.huber-logopaedie.de\">www.huber-logopaedie.de<\/a><\/p>\n<p>&nbsp;<\/p>\n<h2>3. Kontakt f\u00fcr Datenschutzangelegenheiten<\/h2>\n<p>Cornelia Huber (im Folgenden &#8222;die Seitenbetreiberin&#8220;) hat keinen Datenschutzbeauftragten bestellt und ist damit Ansprechpartner f\u00fcr alle Datenschutzbelange.<br \/>\n&nbsp;<br \/>\nBetroffene Personen k\u00f6nnen sich jederzeit mit ihren Anliegen an die Adresse <a href=\"mailto:cornelia.huber.logo@t-online.de\">cornelia.huber.logo@t-online.de<\/a> wenden.<\/p>\n<p>Sollte eine betroffene Person unzufrieden mit den ihr erteilten Ausk\u00fcnften sein oder eine Beschwerde haben, hat sie jederzeit das Recht, sich an die zust\u00e4ndige Aufsichtsbeh\u00f6rde zu wenden. Zust\u00e4ndige Aufsichtsbeh\u00f6rde in datenschutzrechtlichen Fragen ist der Landesdatenschutzbeauftragte des Bundeslandes, in dem unser Unternehmen seinen Sitz hat. Eine Liste der Datenschutzbeauftragten sowie deren Kontaktdaten k\u00f6nnen folgendem Link entnommen werden: <a href=\"https:\/\/www.bfdi.bund.de\/DE\/Infothek\/Anschriften_Links\/anschriften_links-node.html\" rel=\"noopener\" target=\"_blank\">https:\/\/www.bfdi.bund.de\/DE\/Infothek\/Anschriften_Links\/anschriften_links-node.html<\/a>.<\/p>\n<p>&nbsp;<\/p>\n<h2>4. Datenerhebung und -verwendung bei Kontaktaufnahme \u00fcber die Internetseite<\/h2>\n<p>Die Seitenbetreiberin erhebt personenbezogene Daten, wenn betroffene Personen ihr diese im Rahmen einer Kontaktaufnahme (z.B. per E-Mail) freiwillig mitteilen. Die mitgeteilten Daten werden zur Abwicklung der Betriebst\u00e4tigkeiten und zur Bearbeitung von Anfragen verwendet.<\/p>\n<p>Nach vollst\u00e4ndiger Abwicklung eines Vorgangs werden die Daten der darin involvierten betroffenen Personen f\u00fcr die weitere Verwendung gesperrt und nach Ablauf der steuer- und handelsrechtlichen Aufbewahrungsfristen gel\u00f6scht, sofern die betroffene Person nicht ausdr\u00fccklich in eine weitere Nutzung Ihrer Daten eingewilligt hat oder wir uns eine dar\u00fcberhinausgehende Datenverwendung vorbehalten, die gesetzlich erlaubt ist und \u00fcber die betroffene Personen nachstehend informiert werden.<\/p>\n<h3>a) Kontaktformular<\/h3>\n<p>Unser Internetangebot enth\u00e4lt kein Kontaktformular.<\/p>\n<p>&nbsp;<\/p>\n<h2>5. Speicherung von Zugriffsdaten in Server-Logfiles<\/h2>\n<p>Unsere Webseiten k\u00f6nnen Besucher in der Regel benutzen, ohne Angaben zu Ihrer Person zu machen. Gespeichert werden lediglich Zugriffsdaten in sogenannten Server-Logfiles, wie z.B. den Namen der angeforderten Datei, Datum und Uhrzeit des Abrufs, die \u00fcbertragene Datenmenge und den anfragenden Provider. Diese Daten werden ausschlie\u00dflich zur Sicherstellung eines st\u00f6rungsfreien Betriebs der Webseiten und zur Verbesserung des Angebots ausgewertet.<\/p>\n<p>Die erhobenen Daten erlauben mangels Personenbezug keinen R\u00fcckschluss auf den Besucher.<\/p>\n<p>&nbsp;<\/p>\n<h2>6. Cookies<\/h2>\n<h3>a) Was sind Cookies?<\/h3>\n<p>Cookies sind Datens\u00e4tze in kleinen Textdateien, die \u2014 einem konkreten Browser zugeordnet \u2014 auf der Festplatte eines Webseitenbesuchers gespeichert werden. Oft wird einem Internetbrowser dabei eine eindeutige Identit\u00e4t (ID) zugeordnet. Ein bestimmter Browser kann \u00fcber diese eindeutige Cookie-ID wiedererkannt werden.<\/p>\n<p>Die gespeicherten Daten dienen im Allgemeinen der Wiedererkennung von Besuchern, der Personalisierung von Diensten und Angeboten und statistischen Erhebungen \u00fcber Besucherzahlen.<\/p>\n<p>Au\u00dferdem gibt es Dienste und Angebote, die ohne das Setzen von Cookies technisch nicht m\u00f6glich w\u00e4ren. Dazu geh\u00f6ren etwa personalisierte Bereiche, die durch einen Login gesch\u00fctzt sind.<\/p>\n<p>Cookies k\u00f6nnen ein Verfallsdatum haben, nach welchem sie erl\u00f6schen. Entsprechend ihrem Einsatzzweck kann dieses Verfallsdatum sehr nah oder fern in der Zukunft liegen. Manche Cookies verfallen de facto gar nicht.<\/p>\n<h3>b) Werden Cookies eingesetzt?<\/h3>\n<p>Die \u00f6ffentlichen Bereiche unserer Seiten verwenden keine Cookies.<\/p>\n<p>Lediglich f\u00fcr den Zugang zum Verwaltungsbereich des Internet-Angebots wird ein f\u00fcr die Anmeldung durch unsere internen Mitarbeiter technisch notwendiger Cookie mit der Bezeichnung \u201e<em>wordpress_test_cookie\u201c<\/em> gesetzt.<\/p>\n<p>&nbsp;<\/p>\n<h2>7. Der Gesundheitsvorsorge dienende Leistungen<\/h2>\n<p>Wir verarbeiten die Daten unserer Patienten und Interessenten und anderer Auftraggeber oder Vertragspartner (einheitlich bezeichnet als \u201ePatienten\u201c) entsprechend Art. 6 Abs. 1 lit. b) DSGVO, um ihnen gegen\u00fcber unsere vertraglichen oder vorvertraglichen Leistungen zu erbringen. Die hierbei verarbeiteten Daten, die Art, der Umfang und der Zweck und die Erforderlichkeit ihrer Verarbeitung, bestimmen sich nach dem zugrundeliegenden Vertragsverh\u00e4ltnis. Zu den verarbeiteten Daten geh\u00f6ren grunds\u00e4tzlich Bestands- und Stammdaten der Patienten (z.B., Name, Adresse, etc.), als auch die Kontaktdaten (z.B., E-Mailadresse, Telefon, etc.), die Vertragsdaten (z.B., in Anspruch genommene Leistungen, erworbene Produkte, Kosten, Namen von Kontaktpersonen) und Zahlungsdaten (z.B., Bankverbindung, Zahlungshistorie, etc.).<br \/>\n&nbsp;<br \/>\nIn Rahmen unserer Leistungen, k\u00f6nnen wir ferner besondere Kategorien von Daten gem. Art. 9 Abs. 1 DSGVO, hier insbesondere Angaben zur Gesundheit der Patienten verarbeiten. Hierzu holen wir, sofern erforderlich, gem. Art. 6 Abs. 1 lit. a., Art. 7, Art. 9 Abs. 2 lit. a. DSGVO eine ausdr\u00fcckliche Einwilligung der Patienten ein und verarbeiten die besonderen Kategorien von Daten ansonsten zu Zwecken der Gesundheitsvorsorge auf Grundlage des Art. 9 Abs. 2 lit h. DSGVO, \u00a7 22 Abs. 1 Nr. 1 b. BDSG.<br \/>\n&nbsp;<br \/>\nSofern f\u00fcr die Vertragserf\u00fcllung oder gesetzlich erforderlich, offenbaren oder \u00fcbermitteln wir die Daten der Patienten im Rahmen der Kommunikation mit medizinischen Fachkr\u00e4ften, an der Vertragserf\u00fcllung erforderlicherweise oder typischerweise beteiligten Dritten, wie z.B. Labore, Abrechnungsstellen oder vergleichbare Dienstleister, sofern dies der Erbringung unserer Leistungen gem. Art. 6 Abs. 1 lit b. DSGVO dient, gesetzlich gem. Art. 6 Abs. 1 lit c. DSGVO vorgeschrieben ist, unseren Interessen oder denen der Patienten an einer effizienten und kosteng\u00fcnstigen Gesundheitsversorgung als berechtigtes Interesse gem. Art. 6 Abs. 1 lit f. DSGVO dient oder gem. Art. 6 Abs. 1 lit d. DSGVO notwendig ist. um lebenswichtige Interessen der Patienten oder einer anderen nat\u00fcrlichen Person zu sch\u00fctzen oder im Rahmen einer Einwilligung gem. Art. 6 Abs. 1 lit. a., Art. 7 DSGVO.<br \/>\n&nbsp;<br \/>\nDie L\u00f6schung der Daten erfolgt, wenn die Daten zur Erf\u00fcllung vertraglicher oder gesetzlicher F\u00fcrsorgepflichten sowie Umgang mit etwaigen Gew\u00e4hrleistungs- und vergleichbaren Pflichten nicht mehr erforderlich ist, wobei die Erforderlichkeit der Aufbewahrung der Daten regelm\u00e4\u00dfig \u00fcberpr\u00fcft wird; im \u00dcbrigen gelten die gesetzlichen Aufbewahrungspflichten.<\/p>\n<p>&nbsp;<\/p>\n<h2>8. Tracking- &amp; Analysewerkzeuge<\/h2>\n<p>Wir verzichten vollumf\u00e4nglich auf Werkzeuge zur Verfolgung und Auswertung von Besuchern dieses Internetangebotes.<\/p>\n<h2>9. Rechte der betroffenen Person<\/h2>\n<h3>a) Recht auf Best\u00e4tigung<\/h3>\n<p>Jede betroffene Person hat das vom Europ\u00e4ischen Richtlinien- und Verordnungsgeber einger\u00e4umte Recht, von dem f\u00fcr die Verarbeitung Verantwortlichen eine Best\u00e4tigung dar\u00fcber zu verlangen, ob sie betreffende personenbezogene Daten verarbeitet werden. M\u00f6chte eine betroffene Person dieses Best\u00e4tigungsrecht in Anspruch nehmen, kann sie sich hierzu jederzeit an unseren f\u00fcr die Datenschutzbelange Verantwortlichen wenden.<\/p>\n<h3>b) Recht auf Auskunft<\/h3>\n<p>Jede von der Verarbeitung personenbezogener Daten betroffene Person hat das vom Europ\u00e4ischen Richtlinien- und Verordnungsgeber gew\u00e4hrte Recht, jederzeit von dem f\u00fcr die Verarbeitung Verantwortlichen unentgeltliche Auskunft \u00fcber die zu seiner Person gespeicherten personenbezogenen Daten und eine Kopie dieser Auskunft zu erhalten. Ferner hat der Europ\u00e4ische Richtlinien- und Verordnungsgeber der betroffenen Person Auskunft \u00fcber folgende Informationen zugestanden:<br \/>\n&nbsp;<br \/>\n \t&#8211; die Verarbeitungszwecke<br \/>\n \t&#8211; die Kategorien personenbezogener Daten, die verarbeitet werden<br \/>\n \t&#8211; die Empf\u00e4nger oder Kategorien von Empf\u00e4ngern, gegen\u00fcber denen die personenbezogenen Daten offengelegt worden sind oder noch offengelegt werden, insbesondere bei Empf\u00e4ngern in Drittl\u00e4ndern oder bei internationalen Organisationen<br \/>\n \t&#8211; falls m\u00f6glich die geplante Dauer, f\u00fcr die die personenbezogenen Daten gespeichert werden, oder, falls dies nicht m\u00f6glich ist, die Kriterien f\u00fcr die Festlegung dieser Dauer<br \/>\n \t&#8211; das Bestehen eines Rechts auf Berichtigung oder L\u00f6schung der sie betreffenden personenbezogenen Daten oder auf Einschr\u00e4nkung der Verarbeitung durch den Verantwortlichen oder eines Widerspruchsrechts gegen diese Verarbeitung<br \/>\n \t&#8211; das Bestehen eines Beschwerderechts bei einer Aufsichtsbeh\u00f6rde<br \/>\n \t&#8211; wenn die personenbezogenen Daten nicht bei der betroffenen Person erhoben werden: Alle verf\u00fcgbaren Informationen \u00fcber die Herkunft der Daten<br \/>\n \t&#8211; das Bestehen einer automatisierten Entscheidungsfindung einschlie\u00dflich Profiling gem\u00e4\u00df Artikel 22 Abs.1 und 4 DS-GVO und \u2014 zumindest in diesen F\u00e4llen \u2014 aussagekr\u00e4ftige Informationen \u00fcber die involvierte Logik sowie die Tragweite und die angestrebten Auswirkungen einer derartigen Verarbeitung f\u00fcr die betroffene Person<br \/>\n&nbsp;<br \/>\nFerner steht der betroffenen Person ein Auskunftsrecht dar\u00fcber zu, ob personenbezogene Daten an ein Drittland oder an eine internationale Organisation \u00fcbermittelt wurden. Sofern dies der Fall ist, so steht der betroffenen Person im \u00dcbrigen das Recht zu, Auskunft \u00fcber die geeigneten Garantien im Zusammenhang mit der \u00dcbermittlung zu erhalten.<br \/>\n&nbsp;<br \/>\nM\u00f6chte eine betroffene Person dieses Auskunftsrecht in Anspruch nehmen, kann sie sich hierzu jederzeit an unseren f\u00fcr die Datenschutzbelange Verantwortlichen wenden.<\/p>\n<h3>c) Recht auf Berichtigung<\/h3>\n<p>Jede von der Verarbeitung personenbezogener Daten betroffene Person hat das vom Europ\u00e4ischen Richtlinien- und Verordnungsgeber gew\u00e4hrte Recht, die unverz\u00fcgliche Berichtigung sie betreffender unrichtiger personenbezogener Daten zu verlangen. Ferner steht der betroffenen Person das Recht zu, unter Ber\u00fccksichtigung der Zwecke der Verarbeitung, die Vervollst\u00e4ndigung unvollst\u00e4ndiger personenbezogener Daten \u2014 auch mittels einer erg\u00e4nzenden Erkl\u00e4rung \u2014 zu verlangen.<\/p>\n<p>M\u00f6chte eine betroffene Person dieses Berichtigungsrecht in Anspruch nehmen, kann sie sich hierzu jederzeit an unseren f\u00fcr die Datenschutzbelange Verantwortlichen wenden.<\/p>\n<h3>d) Recht auf L\u00f6schung (Recht auf Vergessenwerden)<\/h3>\n<p>Jede von der Verarbeitung personenbezogener Daten betroffene Person hat das vom Europ\u00e4ischen Richtlinien- und Verordnungsgeber gew\u00e4hrte Recht, von dem Verantwortlichen zu verlangen, dass die sie betreffenden personenbezogenen Daten unverz\u00fcglich gel\u00f6scht werden, sofern einer der folgenden Gr\u00fcnde zutrifft und soweit die Verarbeitung nicht erforderlich ist:<br \/>\n&nbsp;<br \/>\n \t&#8211; Die personenbezogenen Daten wurden f\u00fcr solche Zwecke erhoben oder auf sonstige Weise verarbeitet, f\u00fcr welche sie nicht mehr notwendig sind.<br \/>\n \t&#8211; Die betroffene Person widerruft ihre Einwilligung, auf die sich die Verarbeitung gem\u00e4\u00df Art. 6 Abs. 1 Buchstabe a DS-GVO oder Art. 9 Abs. 2 Buchstabe a DS-GVO st\u00fctzte, und es fehlt an einer anderweitigen Rechtsgrundlage f\u00fcr die Verarbeitung.<br \/>\n \t&#8211; Die betroffene Person legt gem\u00e4\u00df Art. 21 Abs. 1 DS-GVO Widerspruch gegen die Verarbeitung ein, und es liegen keine vorrangigen berechtigten Gr\u00fcnde f\u00fcr die Verarbeitung vor, oder die betroffene Person legt gem\u00e4\u00df Art. 21 Abs. 2 DS-GVO Widerspruch gegen die Verarbeitung ein.<br \/>\n \t&#8211; Die personenbezogenen Daten wurden unrechtm\u00e4\u00dfig verarbeitet.<br \/>\n \t&#8211; Die L\u00f6schung der personenbezogenen Daten ist zur Erf\u00fcllung einer rechtlichen Verpflichtung nach dem Unionsrecht oder dem Recht der Mitgliedstaaten erforderlich, dem der Verantwortliche unterliegt.<br \/>\n \t&#8211; Die personenbezogenen Daten wurden in Bezug auf angebotene Dienste der Informationsgesellschaft gem\u00e4\u00df Art. 8 Abs. 1 DS-GVO erhoben.<br \/>\n&nbsp;<br \/>\nSofern einer der oben genannten Gr\u00fcnde zutrifft und eine betroffene Person die L\u00f6schung von personenbezogenen Daten, die bei uns gespeichert sind, veranlassen m\u00f6chte, kann sie sich hierzu jederzeit an unseren Datenschutzbeauftragten oder einen anderen Mitarbeiter des f\u00fcr die Verarbeitung Verantwortlichen wenden. Unser Datenschutzbeauftragter oder ein anderer Mitarbeiter wird veranlassen, dass dem L\u00f6schverlangen unverz\u00fcglich nachgekommen wird.<br \/>\n&nbsp;<br \/>\nWurden die personenbezogenen Daten von uns \u00f6ffentlich gemacht und sind wir als Verantwortlicher gem\u00e4\u00df Art. 17 Abs. 1 DS-GVO zur L\u00f6schung der personenbezogenen Daten verpflichtet, so treffen wir unter Ber\u00fccksichtigung der verf\u00fcgbaren Technologie und der Implementierungskosten angemessene Ma\u00dfnahmen, auch technischer Art, um andere f\u00fcr die Datenverarbeitung Verantwortliche, welche die ver\u00f6ffentlichten personenbezogenen Daten verarbeiten, dar\u00fcber in Kenntnis zu setzen, dass die betroffene Person von diesen anderen f\u00fcr die Datenverarbeitung Verantwortlichen die L\u00f6schung s\u00e4mtlicher Links zu diesen personenbezogenen Daten oder von Kopien oder Replikationen dieser personenbezogenen Daten verlangt hat, soweit die Verarbeitung nicht erforderlich ist Unser Datenschutzbeauftragter oder ein anderer Mitarbeiter wird im Einzelfall das Notwendige veranlassen.<\/p>\n<h3>e) Recht auf Einschr\u00e4nkung der Verarbeitung<\/h3>\n<p>Jede von der Verarbeitung personenbezogener Daten betroffene Person hat das vom Europ\u00e4ischen Richtlinien- und Verordnungsgeber gew\u00e4hrte Recht, von dem Verantwortlichen die Einschr\u00e4nkung der Verarbeitung zu verlangen, wenn eine der folgenden Voraussetzungen gegeben ist:<\/p>\n<ul>\n<li>Die Richtigkeit der personenbezogenen Daten wird von der betroffenen Person bestritten, und zwar f\u00fcr eine Dauer, die es dem Verantwortlichen erm\u00f6glicht, die Richtigkeit der personenbezogenen Daten zu \u00fcberpr\u00fcfen.<\/li>\n<li>Die Verarbeitung ist unrechtm\u00e4\u00dfig, die betroffene Person lehnt die L\u00f6schung der personenbezogenen Daten ab und verlangt stattdessen die Einschr\u00e4nkung der Nutzung der personenbezogenen Daten.<\/li>\n<li>Der Verantwortliche ben\u00f6tigt die personenbezogenen Daten f\u00fcr die Zwecke der Verarbeitung nicht l\u00e4nger, die betroffene Person ben\u00f6tigt sie jedoch zur Geltendmachung, Aus\u00fcbung oder Verteidigung von Rechtsanspr\u00fcchen.<\/li>\n<li>Die betroffene Person hat Widerspruch gegen die Verarbeitung gem. Art. 21 Abs. 1 DS-GVO eingelegt und es steht noch nicht fest, ob die berechtigten Gr\u00fcnde des Verantwortlichen gegen\u00fcber denen der betroffenen Person \u00fcberwiegen.<\/li>\n<\/ul>\n<p>Sofern eine der oben genannten Voraussetzungen gegeben ist und eine betroffene Person die Einschr\u00e4nkung von personenbezogenen Daten, die bei uns gespeichert sind, verlangen m\u00f6chte, kann sie sich hierzu jederzeit an unseren f\u00fcr die Datenschutzbelange Verantwortlichen wenden. Dieser wird die Einschr\u00e4nkung der Verarbeitung veranlassen.<\/p>\n<h3>f) Recht auf Daten\u00fcbertragbarkeit<\/h3>\n<p>Jede von der Verarbeitung personenbezogener Daten betroffene Person hat das vom Europ\u00e4ischen Richtlinien- und Verordnungsgeber gew\u00e4hrte Recht, die sie betreffenden personenbezogenen Daten, welche durch die betroffene Person einem Verantwortlichen bereitgestellt wurden, in einem strukturierten, g\u00e4ngigen und maschinenlesbaren Format zu erhalten. Sie hat au\u00dferdem das Recht, diese Daten einem anderen Verantwortlichen ohne Behinderung durch den Verantwortlichen, dem die personenbezogenen Daten bereitgestellt wurden, zu \u00fcbermitteln, sofern die Verarbeitung auf der Einwilligung gem\u00e4\u00df Art. 6 Abs. 1 Buchstabe a DS-GVO oder Art. 9 Abs. 2 Buchstabe a DS-GVO oder auf einem Vertrag gem\u00e4\u00df Art. 6 Abs. 1 Buchstabe b DS-GVO beruht und die Verarbeitung mithilfe automatisierter Verfahren erfolgt, sofern die Verarbeitung nicht f\u00fcr die Wahrnehmung einer Aufgabe erforderlich ist, die im \u00f6ffentlichen Interesse liegt oder in Aus\u00fcbung \u00f6ffentlicher Gewalt erfolgt, welche dem Verantwortlichen \u00fcbertragen wurde.<br \/>\n&nbsp;<br \/>\nFerner hat die betroffene Person bei der Aus\u00fcbung ihres Rechts auf Daten\u00fcbertragbarkeit gem\u00e4\u00df Art. 20 Abs. 1 DS-GVO das Recht, zu erwirken, dass die personenbezogenen Daten direkt von einem Verantwortlichen an einen anderen Verantwortlichen \u00fcbermittelt werden, soweit dies technisch machbar ist und sofern hiervon nicht die Rechte und Freiheiten anderer Personen beeintr\u00e4chtigt werden.<br \/>\n&nbsp;<br \/>\nZur Geltendmachung des Rechts auf Daten\u00fcbertragbarkeit kann sich die betroffene Person an unseren f\u00fcr die Datenschutzbelange Verantwortlichen wenden.<\/p>\n<h3>g) Recht auf Widerspruch<\/h3>\n<p>Jede von der Verarbeitung personenbezogener Daten betroffene Person hat das vom Europ\u00e4ischen Richtlinien- und Verordnungsgeber gew\u00e4hrte Recht, aus Gr\u00fcnden, die sich aus ihrer besonderen Situation ergeben, jederzeit gegen die Verarbeitung sie betreffender personenbezogener Daten, die aufgrund von Art. 6 Abs. 1 Buchstaben e oder f DS-GVO erfolgt, Widerspruch einzulegen. Dies gilt auch f\u00fcr ein auf diese Bestimmungen gest\u00fctztes Profiling.<br \/>\n&nbsp;<br \/>\nWir verarbeiten die personenbezogenen Daten im Falle des Widerspruchs nicht mehr, es sei denn, wir k\u00f6nnen zwingende schutzw\u00fcrdige Gr\u00fcnde f\u00fcr die Verarbeitung nachweisen, die den Interessen, Rechten und Freiheiten der betroffenen Person \u00fcberwiegen, oder die Verarbeitung dient der Geltendmachung, Aus\u00fcbung oder Verteidigung von Rechtsanspr\u00fcchen.<br \/>\n&nbsp;<br \/>\nVerarbeiten wir personenbezogene Daten, um Direktwerbung zu betreiben, so hat die betroffene Person das Recht, jederzeit Widerspruch gegen die Verarbeitung der personenbezogenen Daten zum Zwecke derartiger Werbung einzulegen. Dies gilt auch f\u00fcr das Profiling, soweit es mit solcher Direktwerbung in Verbindung steht. Widerspricht die betroffene Person uns der Verarbeitung f\u00fcr Zwecke der Direktwerbung, so werden wir die personenbezogenen Daten nicht mehr f\u00fcr diese Zwecke verarbeiten.<br \/>\n&nbsp;<br \/>\nZudem hat die betroffene Person das Recht, aus Gr\u00fcnden, die sich aus ihrer besonderen Situation ergeben, gegen die sie betreffende Verarbeitung personenbezogener Daten, die bei uns zu wissenschaftlichen oder historischen Forschungszwecken oder zu statistischen Zwecken gem\u00e4\u00df Art. 89 Abs. 1 DS-GVO erfolgen, Widerspruch einzulegen, es sei denn, eine solche Verarbeitung ist zur Erf\u00fcllung einer im \u00f6ffentlichen Interesse liegenden Aufgabe erforderlich.<br \/>\n&nbsp;<br \/>\nZur Aus\u00fcbung des Rechts auf Widerspruch kann sich die betroffene Person direkt an uns wenden. Der betroffenen Person steht es ferner frei, im Zusammenhang mit der Nutzung von Diensten der Informationsgesellschaft, ungeachtet der Richtlinie 2002\/58\/EG, ihr Widerspruchsrecht mittels automatisierter Verfahren auszu\u00fcben, bei denen technische Spezifikationen verwendet werden.<\/p>\n<h3>h) Recht auf Widerruf einer datenschutzrechtlichen Einwilligung<\/h3>\n<p>Jede von der Verarbeitung personenbezogener Daten betroffene Person hat das vom Europ\u00e4ischen Richtlinien- und Verordnungsgeber gew\u00e4hrte Recht, eine Einwilligung zur Verarbeitung personenbezogener Daten jederzeit zu widerrufen.<br \/>\n&nbsp;<br \/>\nM\u00f6chte die betroffene Person ihr Recht auf Widerruf einer Einwilligung geltend machen, kann sie sich hierzu jederzeit an den Seitenbetreiber wenden.<\/p>\n<p>&nbsp;<\/p>\n","protected":false},"excerpt":{"rendered":"<p>Datenschutzerkl\u00e4rung 1. Einleitung Wir freuen uns sehr \u00fcber Ihr Interesse an unserer Seite. Datenschutz hat einen besonders hohen Stellenwert f\u00fcr uns. Eine Nutzung unserer Internetseiten ist grunds\u00e4tzlich ohne jede Angabe personenbezogener Daten m\u00f6glich. Sofern eine betroffene Person besondere Dienste \u00fcber &hellip; <a href=\"http:\/\/www.xn--logopdie-wasserburg-kwb.de\/huber\/kontakt\/datenschutz\/\">Weiterlesen <span class=\"meta-nav\">&rarr;<\/span><\/a><\/p>\n","protected":false},"author":2,"featured_media":0,"parent":14,"menu_order":0,"comment_status":"closed","ping_status":"closed","template":"","meta":[],"_links":{"self":[{"href":"http:\/\/www.xn--logopdie-wasserburg-kwb.de\/huber\/wp-json\/wp\/v2\/pages\/613"}],"collection":[{"href":"http:\/\/www.xn--logopdie-wasserburg-kwb.de\/huber\/wp-json\/wp\/v2\/pages"}],"about":[{"href":"http:\/\/www.xn--logopdie-wasserburg-kwb.de\/huber\/wp-json\/wp\/v2\/types\/page"}],"author":[{"embeddable":true,"href":"http:\/\/www.xn--logopdie-wasserburg-kwb.de\/huber\/wp-json\/wp\/v2\/users\/2"}],"replies":[{"embeddable":true,"href":"http:\/\/www.xn--logopdie-wasserburg-kwb.de\/huber\/wp-json\/wp\/v2\/comments?post=613"}],"version-history":[{"count":11,"href":"http:\/\/www.xn--logopdie-wasserburg-kwb.de\/huber\/wp-json\/wp\/v2\/pages\/613\/revisions"}],"predecessor-version":[{"id":624,"href":"http:\/\/www.xn--logopdie-wasserburg-kwb.de\/huber\/wp-json\/wp\/v2\/pages\/613\/revisions\/624"}],"up":[{"embeddable":true,"href":"http:\/\/www.xn--logopdie-wasserburg-kwb.de\/huber\/wp-json\/wp\/v2\/pages\/14"}],"wp:attachment":[{"href":"http:\/\/www.xn--logopdie-wasserburg-kwb.de\/huber\/wp-json\/wp\/v2\/media?parent=613"}],"curies":[{"name":"wp","href":"https:\/\/api.w.org\/{rel}","templated":true}]}}