{"id":44,"date":"2014-01-20T04:34:08","date_gmt":"2014-01-20T02:34:08","guid":{"rendered":"http:\/\/www.xn--logopdie-wasserburg-kwb.de\/huber\/?page_id=44"},"modified":"2022-07-07T21:05:27","modified_gmt":"2022-07-07T19:05:27","slug":"home","status":"publish","type":"page","link":"http:\/\/www.xn--logopdie-wasserburg-kwb.de\/huber\/","title":{"rendered":"Home"},"content":{"rendered":"<div id=\"box\">Alles muss zum Wachsen Zeit haben<\/div>\n<h1><b>Herzlich Willkommen<\/b> in der Praxis f\u00fcr Logop\u00e4die und klinische Lerntherapie<\/h1>\n<p><img loading=\"lazy\" class=\"size-full wp-image-197 alignright\" src=\"http:\/\/www.xn--logopdie-wasserburg-kwb.de\/huber\/wp-content\/uploads\/2014\/01\/cornelia.jpg\" alt=\"cornelia\" width=\"134\" height=\"179\" \/>Seit 1.12.2000 wird die logop\u00e4dische Praxis , die auf kindliche Sprach- Sprech- Stimm- und Schluckst\u00f6rungen spezialisiert ist, von Cornelia Huber gef\u00fchrt.<\/p>\n<p>&nbsp;<\/p>\n<p>Neben den neuesten Behandlungsmethoden im Bereich Sprech- und Sprachf\u00f6rderung flie\u00dfen auch Erkenntnisse der Neuropsychologie und Neurophysiologie durch die Methoden der klinischen Lerntherapie mit ein.<\/p>\n<p>&nbsp;<\/p>\n<p><b>Ziel ist ein motiviertes und lustvolles Lernen.<\/b><\/p>\n<p>&nbsp;<\/p>\n<h4>Hier hat ihr Kind Zeit, in Ruhe zu wachsen und zu reifen, und erh\u00e4lt bei Bedarf die n\u00f6tige, individuelle Unterst\u00fctzung<\/h4>\n<p>&nbsp;<\/p>\n<p>&nbsp;<\/p>\n<p>&nbsp;<\/p>\n","protected":false},"excerpt":{"rendered":"<p>Alles muss zum Wachsen Zeit haben Herzlich Willkommen in der Praxis f\u00fcr Logop\u00e4die und klinische Lerntherapie Seit 1.12.2000 wird die logop\u00e4dische Praxis , die auf kindliche Sprach- Sprech- Stimm- und Schluckst\u00f6rungen spezialisiert ist, von Cornelia Huber gef\u00fchrt. &nbsp; Neben den &hellip; <a href=\"http:\/\/www.xn--logopdie-wasserburg-kwb.de\/huber\/\">Weiterlesen <span class=\"meta-nav\">&rarr;<\/span><\/a><\/p>\n","protected":false},"author":1,"featured_media":0,"parent":0,"menu_order":0,"comment_status":"closed","ping_status":"closed","template":"sidebar-page.php","meta":[],"_links":{"self":[{"href":"http:\/\/www.xn--logopdie-wasserburg-kwb.de\/huber\/wp-json\/wp\/v2\/pages\/44"}],"collection":[{"href":"http:\/\/www.xn--logopdie-wasserburg-kwb.de\/huber\/wp-json\/wp\/v2\/pages"}],"about":[{"href":"http:\/\/www.xn--logopdie-wasserburg-kwb.de\/huber\/wp-json\/wp\/v2\/types\/page"}],"author":[{"embeddable":true,"href":"http:\/\/www.xn--logopdie-wasserburg-kwb.de\/huber\/wp-json\/wp\/v2\/users\/1"}],"replies":[{"embeddable":true,"href":"http:\/\/www.xn--logopdie-wasserburg-kwb.de\/huber\/wp-json\/wp\/v2\/comments?post=44"}],"version-history":[{"count":66,"href":"http:\/\/www.xn--logopdie-wasserburg-kwb.de\/huber\/wp-json\/wp\/v2\/pages\/44\/revisions"}],"predecessor-version":[{"id":676,"href":"http:\/\/www.xn--logopdie-wasserburg-kwb.de\/huber\/wp-json\/wp\/v2\/pages\/44\/revisions\/676"}],"wp:attachment":[{"href":"http:\/\/www.xn--logopdie-wasserburg-kwb.de\/huber\/wp-json\/wp\/v2\/media?parent=44"}],"curies":[{"name":"wp","href":"https:\/\/api.w.org\/{rel}","templated":true}]}}