{"id":127,"date":"2014-01-24T21:16:50","date_gmt":"2014-01-24T19:16:50","guid":{"rendered":"http:\/\/www.xn--logopdie-wasserburg-kwb.de\/huber\/?page_id=127"},"modified":"2025-08-04T14:25:50","modified_gmt":"2025-08-04T12:25:50","slug":"qualifikation","status":"publish","type":"page","link":"http:\/\/www.xn--logopdie-wasserburg-kwb.de\/huber\/ueber-mich\/qualifikation\/","title":{"rendered":"Qualifikation"},"content":{"rendered":"<h2>Qualifikation<\/h2>\n<p><img loading=\"lazy\" class=\"alignleft size-full wp-image-391\" src=\"http:\/\/www.xn--logopdie-wasserburg-kwb.de\/huber\/wp-content\/uploads\/2014\/01\/praxis_7.jpg\" alt=\"praxis_7\" width=\"300\" height=\"200\" \/><\/p>\n<p>Neben vielen aktuellen Fort- und Weiterbildungen in den Bereichen kindliche Sprech-Sprach-Stimm \u2013 und Schluckst\u00f6rung habe ich folgende Schwerpunkte weiter vertieft:<\/p>\n<ul>\n<li>1997 Ausbildung zur Castillo- Morales- Therapeutin<\/li>\n<li>2009 nach 2-j\u00e4hriger Ausbildung Abschluss zur klinischen Lerntherapeutin.<\/li>\n<li>2013 nach 5-j\u00e4hriger Ausbildung Abschuss zur zertifixierten Dyslexietherapeutin nach BVL ( Bundesverband Legasthenie)<\/li>\n<li>2014 Ausbildung zur K-Tape- Logop\u00e4die-Therapeutin<\/li>\n<li>2018 Individualisierte Auditive Stimulation nach Johansen &#8222;JIAS&#8220; (<a href=\"http:\/\/www.jias.de\" rel=\"noopener noreferrer\" target=\"_blank\">www.jias.de<\/a>) bei auditiver Verarbeitungs- und Wahrnehmungsst\u00f6rung (AVWS)<\/li>\n<li>Seit April 2022 Fachtherapeutin f\u00fcr kindliche Dysphagie<\/li>\n<\/ul>\n<p>&nbsp;<\/p>\n<p>&nbsp;<\/p>\n<p class=\"clear\">\n<img loading=\"lazy\" class=\"alignleft size-full wp-image-397\" src=\"http:\/\/www.xn--logopdie-wasserburg-kwb.de\/huber\/wp-content\/uploads\/2014\/01\/praxis_6.jpg\" alt=\"praxis_6\" width=\"300\" height=\"200\" \/><br \/>\nVor allem die Bereiche Mehrfachbehinderung und Syndromerkrankungen liegen mir sehr am Herzen.\n<\/p>\n<p>&nbsp;<\/p>\n<p>&nbsp;<\/p>\n","protected":false},"excerpt":{"rendered":"<p>Qualifikation Neben vielen aktuellen Fort- und Weiterbildungen in den Bereichen kindliche Sprech-Sprach-Stimm \u2013 und Schluckst\u00f6rung habe ich folgende Schwerpunkte weiter vertieft: 1997 Ausbildung zur Castillo- Morales- Therapeutin 2009 nach 2-j\u00e4hriger Ausbildung Abschluss zur klinischen Lerntherapeutin. 2013 nach 5-j\u00e4hriger Ausbildung Abschuss &hellip; <a href=\"http:\/\/www.xn--logopdie-wasserburg-kwb.de\/huber\/ueber-mich\/qualifikation\/\">Weiterlesen <span class=\"meta-nav\">&rarr;<\/span><\/a><\/p>\n","protected":false},"author":1,"featured_media":0,"parent":12,"menu_order":0,"comment_status":"closed","ping_status":"closed","template":"sidebar-page.php","meta":[],"_links":{"self":[{"href":"http:\/\/www.xn--logopdie-wasserburg-kwb.de\/huber\/wp-json\/wp\/v2\/pages\/127"}],"collection":[{"href":"http:\/\/www.xn--logopdie-wasserburg-kwb.de\/huber\/wp-json\/wp\/v2\/pages"}],"about":[{"href":"http:\/\/www.xn--logopdie-wasserburg-kwb.de\/huber\/wp-json\/wp\/v2\/types\/page"}],"author":[{"embeddable":true,"href":"http:\/\/www.xn--logopdie-wasserburg-kwb.de\/huber\/wp-json\/wp\/v2\/users\/1"}],"replies":[{"embeddable":true,"href":"http:\/\/www.xn--logopdie-wasserburg-kwb.de\/huber\/wp-json\/wp\/v2\/comments?post=127"}],"version-history":[{"count":40,"href":"http:\/\/www.xn--logopdie-wasserburg-kwb.de\/huber\/wp-json\/wp\/v2\/pages\/127\/revisions"}],"predecessor-version":[{"id":681,"href":"http:\/\/www.xn--logopdie-wasserburg-kwb.de\/huber\/wp-json\/wp\/v2\/pages\/127\/revisions\/681"}],"up":[{"embeddable":true,"href":"http:\/\/www.xn--logopdie-wasserburg-kwb.de\/huber\/wp-json\/wp\/v2\/pages\/12"}],"wp:attachment":[{"href":"http:\/\/www.xn--logopdie-wasserburg-kwb.de\/huber\/wp-json\/wp\/v2\/media?parent=127"}],"curies":[{"name":"wp","href":"https:\/\/api.w.org\/{rel}","templated":true}]}}