{"id":12,"date":"2014-01-20T03:53:30","date_gmt":"2014-01-20T01:53:30","guid":{"rendered":"http:\/\/www.xn--logopdie-wasserburg-kwb.de\/huber\/?page_id=12"},"modified":"2020-08-10T21:43:38","modified_gmt":"2020-08-10T19:43:38","slug":"ueber-mich","status":"publish","type":"page","link":"http:\/\/www.xn--logopdie-wasserburg-kwb.de\/huber\/ueber-mich\/","title":{"rendered":"\u00dcber mich"},"content":{"rendered":"<div class=\"ezcol ezcol-one-half\"><div id=\"metaslider-id-348\" style=\"max-width: 300px;\" class=\"ml-slider-3-27-13 metaslider metaslider-nivo metaslider-348 ml-slider\">\n    <div id=\"metaslider_container_348\">\n        <div class='slider-wrapper theme-default'><div class='ribbon'><\/div><div id='metaslider_348' class='nivoSlider'><img src=\"http:\/\/www.xn--logopdie-wasserburg-kwb.de\/huber\/wp-content\/uploads\/2014\/02\/conny_1.jpg\" height=\"200\" width=\"300\" alt=\"\" class=\"slider-348 slide-349\" \/><img src=\"http:\/\/www.xn--logopdie-wasserburg-kwb.de\/huber\/wp-content\/uploads\/2014\/02\/conny_2.jpg\" height=\"200\" width=\"300\" alt=\"\" class=\"slider-348 slide-350\" \/><img src=\"http:\/\/www.xn--logopdie-wasserburg-kwb.de\/huber\/wp-content\/uploads\/2014\/02\/conny_4.jpg\" height=\"200\" width=\"300\" alt=\"\" class=\"slider-348 slide-352\" \/><\/div><\/div>\n        \n    <\/div>\n<\/div><\/div>\n<div class=\"ezcol ezcol-one-half ezcol-last\">\n<h2>Cornelia Huber<\/h2>\n<p><b><\/p>\n<li>staatlich gepr\u00fcfte Logop\u00e4din<\/li>\n<li>klinische Lerntherapeutin<\/li>\n<li>zertifixierte Dyslexietherapeutin BVL<br \/>\n( Bundesverband Legasthenie)<\/li>\n<li>Castillo Morales Therapeutin<\/li>\n<li>neurophysiologische Entwicklungsf\u00f6rderin nach INPP<\/li>\n<p><\/b><br \/>\n<\/div><div class=\"ezcol-divider\"><\/div>\n<div class=\"ezcol-both\"><\/div>\n<p>&nbsp;<\/p>\n<p>1993 beendete ich meine Ausbildung zur Logop\u00e4din an der Lehranstalt der Westf\u00e4lischen Wilhelms-Universit\u00e4t in M\u00fcnster. Seitdem \u00fcbe ich den Beruf der Logop\u00e4din aus.<\/p>\n<p>&nbsp;<\/p>\n<p>Bis 1999 war ich in der neurop\u00e4diatrischen Abteilung der Klinik Vogtareuth t\u00e4tig.<\/p>\n<p>&nbsp;<\/p>\n<p>Im Jahre 2000 er\u00f6ffnete ich meine eigene Praxis in Bachmehring bei Wasserburg.<\/p>\n<p>&nbsp;<\/p>\n<p>Ich bin verheiratet und Mutter von drei Kindern.<br \/>\n&nbsp;<br \/>\n&nbsp;<\/p>\n","protected":false},"excerpt":{"rendered":"<p>&nbsp; 1993 beendete ich meine Ausbildung zur Logop\u00e4din an der Lehranstalt der Westf\u00e4lischen Wilhelms-Universit\u00e4t in M\u00fcnster. Seitdem \u00fcbe ich den Beruf der Logop\u00e4din aus. &nbsp; Bis 1999 war ich in der neurop\u00e4diatrischen Abteilung der Klinik Vogtareuth t\u00e4tig. &nbsp; Im Jahre &hellip; <a href=\"http:\/\/www.xn--logopdie-wasserburg-kwb.de\/huber\/ueber-mich\/\">Weiterlesen <span class=\"meta-nav\">&rarr;<\/span><\/a><\/p>\n","protected":false},"author":1,"featured_media":0,"parent":0,"menu_order":0,"comment_status":"closed","ping_status":"closed","template":"sidebar-page.php","meta":[],"_links":{"self":[{"href":"http:\/\/www.xn--logopdie-wasserburg-kwb.de\/huber\/wp-json\/wp\/v2\/pages\/12"}],"collection":[{"href":"http:\/\/www.xn--logopdie-wasserburg-kwb.de\/huber\/wp-json\/wp\/v2\/pages"}],"about":[{"href":"http:\/\/www.xn--logopdie-wasserburg-kwb.de\/huber\/wp-json\/wp\/v2\/types\/page"}],"author":[{"embeddable":true,"href":"http:\/\/www.xn--logopdie-wasserburg-kwb.de\/huber\/wp-json\/wp\/v2\/users\/1"}],"replies":[{"embeddable":true,"href":"http:\/\/www.xn--logopdie-wasserburg-kwb.de\/huber\/wp-json\/wp\/v2\/comments?post=12"}],"version-history":[{"count":24,"href":"http:\/\/www.xn--logopdie-wasserburg-kwb.de\/huber\/wp-json\/wp\/v2\/pages\/12\/revisions"}],"predecessor-version":[{"id":664,"href":"http:\/\/www.xn--logopdie-wasserburg-kwb.de\/huber\/wp-json\/wp\/v2\/pages\/12\/revisions\/664"}],"wp:attachment":[{"href":"http:\/\/www.xn--logopdie-wasserburg-kwb.de\/huber\/wp-json\/wp\/v2\/media?parent=12"}],"curies":[{"name":"wp","href":"https:\/\/api.w.org\/{rel}","templated":true}]}}